{"id":158,"date":"2011-12-05T16:32:58","date_gmt":"2011-12-05T16:32:58","guid":{"rendered":"http:\/\/www.michaelhadwiger.de\/weddings\/?page_id=158"},"modified":"2019-05-26T17:11:54","modified_gmt":"2019-05-26T15:11:54","slug":"impressum","status":"publish","type":"page","link":"http:\/\/www.michaelhadwiger.de\/weddings\/kontakt\/impressum\/","title":{"rendered":"Impressum"},"content":{"rendered":"<h1>Impressum<\/h1>\n<p>Angaben gem\u00e4\u00df \u00a7 5 TMG:<\/p>\n<h2>Anbieter:<\/h2>\n<p>Michael Hadwiger<br \/>\nAm Bahnhof 12<br \/>\n85088 Vohburg a. d. Donau \/ Rockolding<\/p>\n<p>Telefon: 0049160 \/ 976 88 919<br \/>\ne-Mail: info(at)michaelhadwiger.de<\/p>\n<p>Steuer-Nr. 154\/224\/20549<\/p>\n<h2>Domains:<\/h2>\n<p>www.michaelhadwiger.de<br \/>\nwww.bayern-hochzeitsfotograf.de<br \/>\nwww.bayern-hochzeitsfotograf.com<\/p>\n<p><span class=\"Apple-style-span\" style=\"color: #454545; font-family: DroidSerifItalic; font-size: 21px; font-style: italic; font-weight: 100; line-height: 31px;\">Aufsichtsbeh\u00f6rde:<\/span><\/p>\n<p>Handwerkskammer f\u00fcr M\u00fcnchen und Oberbayern &#8211; Betriebsnummer: 7100372<\/p>\n<p>Quelle: <em>Impressumsgenerator, Rechtsanwalt f\u00fcr <a href=\"http:\/\/www.e-recht24.de\">Internetrecht<\/a> S\u00f6ren Siebert<em><a href=\"http:\/\/www.e-recht24.de\/artikel\/datenschutz\/6590-facebook-like-button-datenschutz-disclaimer.html\" target=\"_blank\" rel=\"noopener noreferrer\"><strong><br \/>\n<\/strong><\/a><\/em><\/em><\/p>\n<p>Danke an <a href=\"https:\/\/spiegelhof-fotografie.de\" target=\"_blank\" rel=\"noopener noreferrer\">Kathi Meier<\/a> f\u00fcr die Bilder von mir auf meiner Start-, \u00dcberMich- und Kontakt-Seite!<\/p>\n","protected":false},"excerpt":{"rendered":"<p>Impressum Angaben gem\u00e4\u00df \u00a7 5 TMG: Anbieter: Michael Hadwiger Am Bahnhof 12 85088 Vohburg a. d. Donau \/ Rockolding Telefon: 0049160 \/ 976 88 919 e-Mail: info(at)michaelhadwiger.de Steuer-Nr. 154\/224\/20549 Domains: www.michaelhadwiger.de www.bayern-hochzeitsfotograf.de www.bayern-hochzeitsfotograf.com Aufsichtsbeh\u00f6rde: Handwerkskammer f\u00fcr M\u00fcnchen und Oberbayern &#8211; Betriebsnummer: 7100372 Quelle: Impressumsgenerator, Rechtsanwalt f\u00fcr Internetrecht S\u00f6ren Siebert Danke an Kathi Meier f\u00fcr die...<\/p>\n","protected":false},"author":2,"featured_media":0,"parent":21,"menu_order":0,"comment_status":"open","ping_status":"open","template":"","meta":{"pp_embeds":"{}"},"_links":{"self":[{"href":"http:\/\/www.michaelhadwiger.de\/weddings\/wp-json\/wp\/v2\/pages\/158"}],"collection":[{"href":"http:\/\/www.michaelhadwiger.de\/weddings\/wp-json\/wp\/v2\/pages"}],"about":[{"href":"http:\/\/www.michaelhadwiger.de\/weddings\/wp-json\/wp\/v2\/types\/page"}],"author":[{"embeddable":true,"href":"http:\/\/www.michaelhadwiger.de\/weddings\/wp-json\/wp\/v2\/users\/2"}],"replies":[{"embeddable":true,"href":"http:\/\/www.michaelhadwiger.de\/weddings\/wp-json\/wp\/v2\/comments?post=158"}],"version-history":[{"count":11,"href":"http:\/\/www.michaelhadwiger.de\/weddings\/wp-json\/wp\/v2\/pages\/158\/revisions"}],"predecessor-version":[{"id":2119,"href":"http:\/\/www.michaelhadwiger.de\/weddings\/wp-json\/wp\/v2\/pages\/158\/revisions\/2119"}],"up":[{"embeddable":true,"href":"http:\/\/www.michaelhadwiger.de\/weddings\/wp-json\/wp\/v2\/pages\/21"}],"wp:attachment":[{"href":"http:\/\/www.michaelhadwiger.de\/weddings\/wp-json\/wp\/v2\/media?parent=158"}],"curies":[{"name":"wp","href":"https:\/\/api.w.org\/{rel}","templated":true}]}}