{"id":123,"date":"2011-12-04T18:43:16","date_gmt":"2011-12-04T18:43:16","guid":{"rendered":"http:\/\/www.michaelhadwiger.de\/weddings\/?page_id=123"},"modified":"2015-04-04T19:22:25","modified_gmt":"2015-04-04T17:22:25","slug":"test","status":"publish","type":"page","link":"http:\/\/www.michaelhadwiger.de\/weddings\/","title":{"rendered":"Home"},"content":{"rendered":"<h1>Michael Hadwiger &#8211; Hochzeitsfotograf aus Ingolstadt<\/h1>\n<h2>Herzlich Willkommen auf meiner Homepage!<\/h2>\n<p>Ich erstelle exklusive Hochzeitsreportagen und Hochzeitsportraits, die den Glanz Ihrer Hochzeit festhalten.\u00a0In meinem\u00a0<a title=\"Portfolio\" href=\"http:\/\/www.michaelhadwiger.de\/weddings\/portfolio\/\">Portfolio<\/a>\u00a0oder in meinem neuem\u00a0<a title=\"Blog\" href=\"http:\/\/www.michaelhadwiger.de\/weddings\/blog\/\">Blog<\/a> k\u00f6nnen Sie meine nat\u00fcrliche Art und Weise zu fotografieren sehen, ob klassisch gediegen oder teils verr\u00fcckt modern bei einem Trash-Dress-Shootings. Egal ob am Tag Ihrer Hochzeit oder zu einem sp\u00e4teren Zeitpunkt stattfindendem Fotoshooting &#8211; Sie erhalten unvergessliche Momente, festgehalten in digitaler Form als JPG-Dateien in voller Aufl\u00f6sung, als professionelle Ausbelichtungen oder in einem edlen Album ausgesuchter Hersteller!<\/p>\n<h3>Hochzeitsfotografie in Ingolstadt, Eichst\u00e4tt, Neuburg an der Donau, Neustadt an der Donau, Pfaffenhofen an der Ilm,\u00a0M\u00fcnchen, Augsburg, Regensburg, N\u00fcrnberg, Bayern, Deutschland, Hochzeitsreportage, Hochzeitsportrait, After-Wedding-Shooting, Trash-The-Dress-Shooting, Photobooth, Babyshooting, exklusive Alben, Portraits,<\/h3>\n","protected":false},"excerpt":{"rendered":"<p>Michael Hadwiger &#8211; Hochzeitsfotograf aus Ingolstadt Herzlich Willkommen auf meiner Homepage! Ich erstelle exklusive Hochzeitsreportagen und Hochzeitsportraits, die den Glanz Ihrer Hochzeit festhalten.\u00a0In meinem\u00a0Portfolio\u00a0oder in meinem neuem\u00a0Blog k\u00f6nnen Sie meine nat\u00fcrliche Art und Weise zu fotografieren sehen, ob klassisch gediegen oder teils verr\u00fcckt modern bei einem Trash-Dress-Shootings. Egal ob am Tag Ihrer Hochzeit oder zu...<\/p>\n","protected":false},"author":1,"featured_media":0,"parent":0,"menu_order":0,"comment_status":"open","ping_status":"open","template":"template-home.php","meta":{"pp_embeds":""},"_links":{"self":[{"href":"http:\/\/www.michaelhadwiger.de\/weddings\/wp-json\/wp\/v2\/pages\/123"}],"collection":[{"href":"http:\/\/www.michaelhadwiger.de\/weddings\/wp-json\/wp\/v2\/pages"}],"about":[{"href":"http:\/\/www.michaelhadwiger.de\/weddings\/wp-json\/wp\/v2\/types\/page"}],"author":[{"embeddable":true,"href":"http:\/\/www.michaelhadwiger.de\/weddings\/wp-json\/wp\/v2\/users\/1"}],"replies":[{"embeddable":true,"href":"http:\/\/www.michaelhadwiger.de\/weddings\/wp-json\/wp\/v2\/comments?post=123"}],"version-history":[{"count":18,"href":"http:\/\/www.michaelhadwiger.de\/weddings\/wp-json\/wp\/v2\/pages\/123\/revisions"}],"predecessor-version":[{"id":1085,"href":"http:\/\/www.michaelhadwiger.de\/weddings\/wp-json\/wp\/v2\/pages\/123\/revisions\/1085"}],"wp:attachment":[{"href":"http:\/\/www.michaelhadwiger.de\/weddings\/wp-json\/wp\/v2\/media?parent=123"}],"curies":[{"name":"wp","href":"https:\/\/api.w.org\/{rel}","templated":true}]}}